




{"id":2378,"date":"2022-02-15T16:15:01","date_gmt":"2022-02-15T16:15:01","guid":{"rendered":"https:\/\/localbiodiversityoutlooks.net\/etudes-de-cas\/carte-interactive\/"},"modified":"2022-02-24T09:41:10","modified_gmt":"2022-02-24T09:41:10","slug":"carte-interactive","status":"publish","type":"page","link":"https:\/\/localbiodiversityoutlooks.net\/fr\/etudes-de-cas\/carte-interactive\/","title":{"rendered":"Carte Interactive"},"content":{"rendered":"[vc_row type=\u00a0\u00bbfull_width_content\u00a0\u00bb full_screen_row_position=\u00a0\u00bbmiddle\u00a0\u00bb column_margin=\u00a0\u00bbdefault\u00a0\u00bb column_direction=\u00a0\u00bbdefault\u00a0\u00bb column_direction_tablet=\u00a0\u00bbdefault\u00a0\u00bb column_direction_phone=\u00a0\u00bbdefault\u00a0\u00bb bg_color=\u00a0\u00bb#222222&Prime; full_height=\u00a0\u00bbyes\u00a0\u00bb columns_placement=\u00a0\u00bbtop\u00a0\u00bb scene_position=\u00a0\u00bbcenter\u00a0\u00bb text_color=\u00a0\u00bbdark\u00a0\u00bb text_align=\u00a0\u00bbleft\u00a0\u00bb row_border_radius=\u00a0\u00bbnone\u00a0\u00bb row_border_radius_applies=\u00a0\u00bbbg\u00a0\u00bb overlay_strength=\u00a0\u00bb0.3&Prime; gradient_direction=\u00a0\u00bbleft_to_right\u00a0\u00bb shape_divider_position=\u00a0\u00bbbottom\u00a0\u00bb bg_image_animation=\u00a0\u00bbnone\u00a0\u00bb shape_type=\u00a0\u00bb\u00a0\u00bb][vc_column column_padding=\u00a0\u00bbno-extra-padding\u00a0\u00bb column_padding_tablet=\u00a0\u00bbinherit\u00a0\u00bb column_padding_phone=\u00a0\u00bbinherit\u00a0\u00bb column_padding_position=\u00a0\u00bball\u00a0\u00bb column_element_spacing=\u00a0\u00bbdefault\u00a0\u00bb background_color_opacity=\u00a0\u00bb1&Prime; background_hover_color_opacity=\u00a0\u00bb1&Prime; column_shadow=\u00a0\u00bbnone\u00a0\u00bb column_border_radius=\u00a0\u00bbnone\u00a0\u00bb column_link_target=\u00a0\u00bb_self\u00a0\u00bb gradient_direction=\u00a0\u00bbleft_to_right\u00a0\u00bb overlay_strength=\u00a0\u00bb0.3&Prime; width=\u00a0\u00bb1\/1&Prime; tablet_width_inherit=\u00a0\u00bbdefault\u00a0\u00bb tablet_text_alignment=\u00a0\u00bbdefault\u00a0\u00bb phone_text_alignment=\u00a0\u00bbdefault\u00a0\u00bb bg_image_animation=\u00a0\u00bbnone\u00a0\u00bb border_type=\u00a0\u00bbsimple\u00a0\u00bb column_border_width=\u00a0\u00bbnone\u00a0\u00bb column_border_style=\u00a0\u00bbsolid\u00a0\u00bb][vc_raw_html css=\u00a0\u00bb.vc_custom_1645695665745{margin-top: 0px !important;margin-right: 0px !important;margin-bottom: 0px !important;margin-left: 0px !important;padding-top: 0px !important;padding-right: 0px !important;padding-bottom: 0px !important;padding-left: 0px !important;}\u00a0\u00bb]JTNDaWZyYW1lJTIwc3JjJTNEJTIyaHR0cHMlM0ElMkYlMkZsb2NhbC1iaW9kaXZlcnNpdHktb3V0bG9va3MudmVyY2VsLmFwcCUyRmZyJTIyJTIwdGl0bGUlM0QlMjJDYXJ0ZSUyMEludGVyYWN0aXZlJTIyJTIwd2lkdGglM0QlMjIxMDAlMjUlMjIlMjBzdHlsZSUzRCUyMmJvcmRlciUzQW5vbmUlM0IlMjIlM0UlM0MlMkZpZnJhbWUlM0U=[\/vc_raw_html][\/vc_column][\/vc_row]\n","protected":false},"excerpt":{"rendered":"<p>[vc_row type=\u00a0\u00bbfull_width_content\u00a0\u00bb full_screen_row_position=\u00a0\u00bbmiddle\u00a0\u00bb column_margin=\u00a0\u00bbdefault\u00a0\u00bb column_direction=\u00a0\u00bbdefault\u00a0\u00bb column_direction_tablet=\u00a0\u00bbdefault\u00a0\u00bb column_direction_phone=\u00a0\u00bbdefault\u00a0\u00bb bg_color=\u00a0\u00bb#222222&Prime; full_height=\u00a0\u00bbyes\u00a0\u00bb columns_placement=\u00a0\u00bbtop\u00a0\u00bb scene_position=\u00a0\u00bbcenter\u00a0\u00bb text_color=\u00a0\u00bbdark\u00a0\u00bb text_align=\u00a0\u00bbleft\u00a0\u00bb row_border_radius=\u00a0\u00bbnone\u00a0\u00bb row_border_radius_applies=\u00a0\u00bbbg\u00a0\u00bb overlay_strength=\u00a0\u00bb0.3&Prime; gradient_direction=\u00a0\u00bbleft_to_right\u00a0\u00bb shape_divider_position=\u00a0\u00bbbottom\u00a0\u00bb bg_image_animation=\u00a0\u00bbnone\u00a0\u00bb shape_type=\u00a0\u00bb\u00a0\u00bb][vc_column column_padding=\u00a0\u00bbno-extra-padding\u00a0\u00bb column_padding_tablet=\u00a0\u00bbinherit\u00a0\u00bb column_padding_phone=\u00a0\u00bbinherit\u00a0\u00bb column_padding_position=\u00a0\u00bball\u00a0\u00bb column_element_spacing=\u00a0\u00bbdefault\u00a0\u00bb background_color_opacity=\u00a0\u00bb1&Prime; background_hover_color_opacity=\u00a0\u00bb1&Prime; column_shadow=\u00a0\u00bbnone\u00a0\u00bb column_border_radius=\u00a0\u00bbnone\u00a0\u00bb column_link_target=\u00a0\u00bb_self\u00a0\u00bb&#8230;<\/p>\n","protected":false},"author":1,"featured_media":0,"parent":2322,"menu_order":0,"comment_status":"closed","ping_status":"closed","template":"","meta":{"inline_featured_image":false,"_monsterinsights_skip_tracking":false,"_monsterinsights_sitenote_active":false,"_monsterinsights_sitenote_note":"","_monsterinsights_sitenote_category":0},"acf":[],"yoast_head":"<!-- This site is optimized with the Yoast SEO plugin v18.1 - https:\/\/yoast.com\/wordpress\/plugins\/seo\/ -->\n<title>Carte Interactive - Local Biodiversity Outlooks<\/title>\n<meta name=\"robots\" content=\"index, follow, max-snippet:-1, max-image-preview:large, max-video-preview:-1\" \/>\n<link rel=\"canonical\" href=\"https:\/\/localbiodiversityoutlooks.net\/fr\/etudes-de-cas\/carte-interactive\/\" \/>\n<meta property=\"og:locale\" content=\"fr_FR\" \/>\n<meta property=\"og:type\" content=\"article\" \/>\n<meta property=\"og:title\" content=\"Carte Interactive - Local Biodiversity Outlooks\" \/>\n<meta property=\"og:description\" content=\"[vc_row type=\u00a0\u00bbfull_width_content\u00a0\u00bb full_screen_row_position=\u00a0\u00bbmiddle\u00a0\u00bb column_margin=\u00a0\u00bbdefault\u00a0\u00bb column_direction=\u00a0\u00bbdefault\u00a0\u00bb column_direction_tablet=\u00a0\u00bbdefault\u00a0\u00bb column_direction_phone=\u00a0\u00bbdefault\u00a0\u00bb bg_color=\u00a0\u00bb#222222&Prime; full_height=\u00a0\u00bbyes\u00a0\u00bb columns_placement=\u00a0\u00bbtop\u00a0\u00bb scene_position=\u00a0\u00bbcenter\u00a0\u00bb text_color=\u00a0\u00bbdark\u00a0\u00bb text_align=\u00a0\u00bbleft\u00a0\u00bb row_border_radius=\u00a0\u00bbnone\u00a0\u00bb row_border_radius_applies=\u00a0\u00bbbg\u00a0\u00bb overlay_strength=\u00a0\u00bb0.3&Prime; gradient_direction=\u00a0\u00bbleft_to_right\u00a0\u00bb shape_divider_position=\u00a0\u00bbbottom\u00a0\u00bb bg_image_animation=\u00a0\u00bbnone\u00a0\u00bb shape_type=\u00a0\u00bb\u00a0\u00bb][vc_column column_padding=\u00a0\u00bbno-extra-padding\u00a0\u00bb column_padding_tablet=\u00a0\u00bbinherit\u00a0\u00bb column_padding_phone=\u00a0\u00bbinherit\u00a0\u00bb column_padding_position=\u00a0\u00bball\u00a0\u00bb column_element_spacing=\u00a0\u00bbdefault\u00a0\u00bb background_color_opacity=\u00a0\u00bb1&Prime; background_hover_color_opacity=\u00a0\u00bb1&Prime; column_shadow=\u00a0\u00bbnone\u00a0\u00bb column_border_radius=\u00a0\u00bbnone\u00a0\u00bb column_link_target=\u00a0\u00bb_self\u00a0\u00bb...\" \/>\n<meta property=\"og:url\" content=\"https:\/\/localbiodiversityoutlooks.net\/fr\/etudes-de-cas\/carte-interactive\/\" \/>\n<meta property=\"og:site_name\" content=\"Local Biodiversity Outlooks\" \/>\n<meta property=\"article:modified_time\" content=\"2022-02-24T09:41:10+00:00\" \/>\n<meta name=\"twitter:card\" content=\"summary_large_image\" \/>\n<script type=\"application\/ld+json\" class=\"yoast-schema-graph\">{\"@context\":\"https:\/\/schema.org\",\"@graph\":[{\"@type\":\"WebSite\",\"@id\":\"https:\/\/localbiodiversityoutlooks.net\/fr\/#website\",\"url\":\"https:\/\/localbiodiversityoutlooks.net\/fr\/\",\"name\":\"Local Biodiversity Outlooks\",\"description\":\"Les Perspectives Locales de la Diversit\u00e9 Biologique illustrent les points de vue et exp\u00e9riences des peuples autochtones et des communaut\u00e9s locales sur la crise socio-\u00e9cologique actuelle\",\"potentialAction\":[{\"@type\":\"SearchAction\",\"target\":{\"@type\":\"EntryPoint\",\"urlTemplate\":\"https:\/\/localbiodiversityoutlooks.net\/fr\/?s={search_term_string}\"},\"query-input\":\"required name=search_term_string\"}],\"inLanguage\":\"fr-FR\"},{\"@type\":\"WebPage\",\"@id\":\"https:\/\/localbiodiversityoutlooks.net\/fr\/etudes-de-cas\/carte-interactive\/#webpage\",\"url\":\"https:\/\/localbiodiversityoutlooks.net\/fr\/etudes-de-cas\/carte-interactive\/\",\"name\":\"Carte Interactive - Local Biodiversity Outlooks\",\"isPartOf\":{\"@id\":\"https:\/\/localbiodiversityoutlooks.net\/fr\/#website\"},\"datePublished\":\"2022-02-15T16:15:01+00:00\",\"dateModified\":\"2022-02-24T09:41:10+00:00\",\"breadcrumb\":{\"@id\":\"https:\/\/localbiodiversityoutlooks.net\/fr\/etudes-de-cas\/carte-interactive\/#breadcrumb\"},\"inLanguage\":\"fr-FR\",\"potentialAction\":[{\"@type\":\"ReadAction\",\"target\":[\"https:\/\/localbiodiversityoutlooks.net\/fr\/etudes-de-cas\/carte-interactive\/\"]}]},{\"@type\":\"BreadcrumbList\",\"@id\":\"https:\/\/localbiodiversityoutlooks.net\/fr\/etudes-de-cas\/carte-interactive\/#breadcrumb\",\"itemListElement\":[{\"@type\":\"ListItem\",\"position\":1,\"name\":\"Home\",\"item\":\"https:\/\/localbiodiversityoutlooks.net\/fr\/domicile\/\"},{\"@type\":\"ListItem\",\"position\":2,\"name\":\"\u00c9tudes de Cas\",\"item\":\"http:\/\/localbiodiversityoutlooks.minuteworks.co.uk\/fr\/etudes-de-cas\/\"},{\"@type\":\"ListItem\",\"position\":3,\"name\":\"Carte Interactive\"}]}]}<\/script>\n<!-- \/ Yoast SEO plugin. -->","yoast_head_json":{"title":"Carte Interactive - Local Biodiversity Outlooks","robots":{"index":"index","follow":"follow","max-snippet":"max-snippet:-1","max-image-preview":"max-image-preview:large","max-video-preview":"max-video-preview:-1"},"canonical":"https:\/\/localbiodiversityoutlooks.net\/fr\/etudes-de-cas\/carte-interactive\/","og_locale":"fr_FR","og_type":"article","og_title":"Carte Interactive - Local Biodiversity Outlooks","og_description":"[vc_row type=\u00a0\u00bbfull_width_content\u00a0\u00bb full_screen_row_position=\u00a0\u00bbmiddle\u00a0\u00bb column_margin=\u00a0\u00bbdefault\u00a0\u00bb column_direction=\u00a0\u00bbdefault\u00a0\u00bb column_direction_tablet=\u00a0\u00bbdefault\u00a0\u00bb column_direction_phone=\u00a0\u00bbdefault\u00a0\u00bb bg_color=\u00a0\u00bb#222222&Prime; full_height=\u00a0\u00bbyes\u00a0\u00bb columns_placement=\u00a0\u00bbtop\u00a0\u00bb scene_position=\u00a0\u00bbcenter\u00a0\u00bb text_color=\u00a0\u00bbdark\u00a0\u00bb text_align=\u00a0\u00bbleft\u00a0\u00bb row_border_radius=\u00a0\u00bbnone\u00a0\u00bb row_border_radius_applies=\u00a0\u00bbbg\u00a0\u00bb overlay_strength=\u00a0\u00bb0.3&Prime; gradient_direction=\u00a0\u00bbleft_to_right\u00a0\u00bb shape_divider_position=\u00a0\u00bbbottom\u00a0\u00bb bg_image_animation=\u00a0\u00bbnone\u00a0\u00bb shape_type=\u00a0\u00bb\u00a0\u00bb][vc_column column_padding=\u00a0\u00bbno-extra-padding\u00a0\u00bb column_padding_tablet=\u00a0\u00bbinherit\u00a0\u00bb column_padding_phone=\u00a0\u00bbinherit\u00a0\u00bb column_padding_position=\u00a0\u00bball\u00a0\u00bb column_element_spacing=\u00a0\u00bbdefault\u00a0\u00bb background_color_opacity=\u00a0\u00bb1&Prime; background_hover_color_opacity=\u00a0\u00bb1&Prime; column_shadow=\u00a0\u00bbnone\u00a0\u00bb column_border_radius=\u00a0\u00bbnone\u00a0\u00bb column_link_target=\u00a0\u00bb_self\u00a0\u00bb...","og_url":"https:\/\/localbiodiversityoutlooks.net\/fr\/etudes-de-cas\/carte-interactive\/","og_site_name":"Local Biodiversity Outlooks","article_modified_time":"2022-02-24T09:41:10+00:00","twitter_card":"summary_large_image","schema":{"@context":"https:\/\/schema.org","@graph":[{"@type":"WebSite","@id":"https:\/\/localbiodiversityoutlooks.net\/fr\/#website","url":"https:\/\/localbiodiversityoutlooks.net\/fr\/","name":"Local Biodiversity Outlooks","description":"Les Perspectives Locales de la Diversit\u00e9 Biologique illustrent les points de vue et exp\u00e9riences des peuples autochtones et des communaut\u00e9s locales sur la crise socio-\u00e9cologique actuelle","potentialAction":[{"@type":"SearchAction","target":{"@type":"EntryPoint","urlTemplate":"https:\/\/localbiodiversityoutlooks.net\/fr\/?s={search_term_string}"},"query-input":"required name=search_term_string"}],"inLanguage":"fr-FR"},{"@type":"WebPage","@id":"https:\/\/localbiodiversityoutlooks.net\/fr\/etudes-de-cas\/carte-interactive\/#webpage","url":"https:\/\/localbiodiversityoutlooks.net\/fr\/etudes-de-cas\/carte-interactive\/","name":"Carte Interactive - Local Biodiversity Outlooks","isPartOf":{"@id":"https:\/\/localbiodiversityoutlooks.net\/fr\/#website"},"datePublished":"2022-02-15T16:15:01+00:00","dateModified":"2022-02-24T09:41:10+00:00","breadcrumb":{"@id":"https:\/\/localbiodiversityoutlooks.net\/fr\/etudes-de-cas\/carte-interactive\/#breadcrumb"},"inLanguage":"fr-FR","potentialAction":[{"@type":"ReadAction","target":["https:\/\/localbiodiversityoutlooks.net\/fr\/etudes-de-cas\/carte-interactive\/"]}]},{"@type":"BreadcrumbList","@id":"https:\/\/localbiodiversityoutlooks.net\/fr\/etudes-de-cas\/carte-interactive\/#breadcrumb","itemListElement":[{"@type":"ListItem","position":1,"name":"Home","item":"https:\/\/localbiodiversityoutlooks.net\/fr\/domicile\/"},{"@type":"ListItem","position":2,"name":"\u00c9tudes de Cas","item":"http:\/\/localbiodiversityoutlooks.minuteworks.co.uk\/fr\/etudes-de-cas\/"},{"@type":"ListItem","position":3,"name":"Carte Interactive"}]}]}},"_links":{"self":[{"href":"https:\/\/localbiodiversityoutlooks.net\/fr\/wp-json\/wp\/v2\/pages\/2378"}],"collection":[{"href":"https:\/\/localbiodiversityoutlooks.net\/fr\/wp-json\/wp\/v2\/pages"}],"about":[{"href":"https:\/\/localbiodiversityoutlooks.net\/fr\/wp-json\/wp\/v2\/types\/page"}],"author":[{"embeddable":true,"href":"https:\/\/localbiodiversityoutlooks.net\/fr\/wp-json\/wp\/v2\/users\/1"}],"replies":[{"embeddable":true,"href":"https:\/\/localbiodiversityoutlooks.net\/fr\/wp-json\/wp\/v2\/comments?post=2378"}],"version-history":[{"count":3,"href":"https:\/\/localbiodiversityoutlooks.net\/fr\/wp-json\/wp\/v2\/pages\/2378\/revisions"}],"predecessor-version":[{"id":2508,"href":"https:\/\/localbiodiversityoutlooks.net\/fr\/wp-json\/wp\/v2\/pages\/2378\/revisions\/2508"}],"up":[{"embeddable":true,"href":"https:\/\/localbiodiversityoutlooks.net\/fr\/wp-json\/wp\/v2\/pages\/2322"}],"wp:attachment":[{"href":"https:\/\/localbiodiversityoutlooks.net\/fr\/wp-json\/wp\/v2\/media?parent=2378"}],"curies":[{"name":"wp","href":"https:\/\/api.w.org\/{rel}","templated":true}]}}