




{"id":2358,"date":"2022-02-15T15:39:23","date_gmt":"2022-02-15T15:39:23","guid":{"rendered":"https:\/\/localbiodiversityoutlooks.net\/actualite\/"},"modified":"2022-02-17T10:29:55","modified_gmt":"2022-02-17T10:29:55","slug":"actualite","status":"publish","type":"page","link":"https:\/\/localbiodiversityoutlooks.net\/fr\/actualite\/","title":{"rendered":"Actualit\u00e9"},"content":{"rendered":"[vc_row type=\u00a0\u00bbfull_width_background\u00a0\u00bb full_screen_row_position=\u00a0\u00bbmiddle\u00a0\u00bb column_margin=\u00a0\u00bbdefault\u00a0\u00bb column_direction=\u00a0\u00bbdefault\u00a0\u00bb column_direction_tablet=\u00a0\u00bbdefault\u00a0\u00bb column_direction_phone=\u00a0\u00bbdefault\u00a0\u00bb scene_position=\u00a0\u00bbcenter\u00a0\u00bb top_padding=\u00a0\u00bb28px\u00a0\u00bb bottom_padding=\u00a0\u00bb56px\u00a0\u00bb constrain_group_2=\u00a0\u00bbyes\u00a0\u00bb top_padding_tablet=\u00a0\u00bb28px\u00a0\u00bb bottom_padding_tablet=\u00a0\u00bb56px\u00a0\u00bb constrain_group_4=\u00a0\u00bbyes\u00a0\u00bb top_padding_phone=\u00a0\u00bb28px\u00a0\u00bb bottom_padding_phone=\u00a0\u00bb56px\u00a0\u00bb constrain_group_6=\u00a0\u00bbyes\u00a0\u00bb text_color=\u00a0\u00bbdark\u00a0\u00bb text_align=\u00a0\u00bbleft\u00a0\u00bb row_border_radius=\u00a0\u00bbnone\u00a0\u00bb row_border_radius_applies=\u00a0\u00bbbg\u00a0\u00bb overlay_strength=\u00a0\u00bb0.3&Prime; gradient_direction=\u00a0\u00bbleft_to_right\u00a0\u00bb shape_divider_position=\u00a0\u00bbbottom\u00a0\u00bb bg_image_animation=\u00a0\u00bbnone\u00a0\u00bb shape_type=\u00a0\u00bb\u00a0\u00bb][vc_column column_padding=\u00a0\u00bbno-extra-padding\u00a0\u00bb column_padding_tablet=\u00a0\u00bbinherit\u00a0\u00bb column_padding_phone=\u00a0\u00bbinherit\u00a0\u00bb column_padding_position=\u00a0\u00bball\u00a0\u00bb column_element_spacing=\u00a0\u00bbdefault\u00a0\u00bb background_color_opacity=\u00a0\u00bb1&Prime; background_hover_color_opacity=\u00a0\u00bb1&Prime; column_shadow=\u00a0\u00bbnone\u00a0\u00bb column_border_radius=\u00a0\u00bbnone\u00a0\u00bb column_link_target=\u00a0\u00bb_self\u00a0\u00bb gradient_direction=\u00a0\u00bbleft_to_right\u00a0\u00bb overlay_strength=\u00a0\u00bb0.3&Prime; width=\u00a0\u00bb1\/1&Prime; tablet_width_inherit=\u00a0\u00bbdefault\u00a0\u00bb tablet_text_alignment=\u00a0\u00bbdefault\u00a0\u00bb phone_text_alignment=\u00a0\u00bbdefault\u00a0\u00bb bg_image_animation=\u00a0\u00bbnone\u00a0\u00bb border_type=\u00a0\u00bbsimple\u00a0\u00bb column_border_width=\u00a0\u00bbnone\u00a0\u00bb column_border_style=\u00a0\u00bbsolid\u00a0\u00bb][vc_column_text css=\u00a0\u00bb.vc_custom_1639497852176{padding-bottom: 8px !important;}\u00a0\u00bb]\n<h1><strong>Actualit\u00e9<\/strong><\/h1>\n[\/vc_column_text][nectar_post_grid post_type=\u00a0\u00bbpost\u00a0\u00bb blog_category=\u00a0\u00bbevents,news\u00a0\u00bb order=\u00a0\u00bbDESC\u00a0\u00bb orderby=\u00a0\u00bbdate\u00a0\u00bb pagination=\u00a0\u00bbnone\u00a0\u00bb columns=\u00a0\u00bb3&Prime; grid_item_spacing=\u00a0\u00bb15px\u00a0\u00bb grid_item_height=\u00a0\u00bb30vh\u00a0\u00bb image_size=\u00a0\u00bblarge\u00a0\u00bb image_loading=\u00a0\u00bblazy-load\u00a0\u00bb animation=\u00a0\u00bbfade-in-from-bottom\u00a0\u00bb heading_tag=\u00a0\u00bbdefault\u00a0\u00bb display_categories=\u00a0\u00bbyes\u00a0\u00bb category_functionality=\u00a0\u00bbstatic\u00a0\u00bb display_date=\u00a0\u00bbyes\u00a0\u00bb display_excerpt=\u00a0\u00bbyes\u00a0\u00bb grid_style=\u00a0\u00bbcontent_under_image\u00a0\u00bb card_design=\u00a0\u00bbyes\u00a0\u00bb card_bg_color=\u00a0\u00bb#ffffff\u00a0\u00bb content_under_image_text_align=\u00a0\u00bbleft\u00a0\u00bb text_color=\u00a0\u00bbdark\u00a0\u00bb hover_effect=\u00a0\u00bbzoom\u00a0\u00bb border_radius=\u00a0\u00bbnone\u00a0\u00bb posts_per_page=\u00a0\u00bb999&Prime;][\/vc_column][\/vc_row]\n","protected":false},"excerpt":{"rendered":"<p>[vc_row type=\u00a0\u00bbfull_width_background\u00a0\u00bb full_screen_row_position=\u00a0\u00bbmiddle\u00a0\u00bb column_margin=\u00a0\u00bbdefault\u00a0\u00bb column_direction=\u00a0\u00bbdefault\u00a0\u00bb column_direction_tablet=\u00a0\u00bbdefault\u00a0\u00bb column_direction_phone=\u00a0\u00bbdefault\u00a0\u00bb scene_position=\u00a0\u00bbcenter\u00a0\u00bb top_padding=\u00a0\u00bb28px\u00a0\u00bb bottom_padding=\u00a0\u00bb56px\u00a0\u00bb constrain_group_2=\u00a0\u00bbyes\u00a0\u00bb top_padding_tablet=\u00a0\u00bb28px\u00a0\u00bb bottom_padding_tablet=\u00a0\u00bb56px\u00a0\u00bb constrain_group_4=\u00a0\u00bbyes\u00a0\u00bb top_padding_phone=\u00a0\u00bb28px\u00a0\u00bb bottom_padding_phone=\u00a0\u00bb56px\u00a0\u00bb constrain_group_6=\u00a0\u00bbyes\u00a0\u00bb text_color=\u00a0\u00bbdark\u00a0\u00bb text_align=\u00a0\u00bbleft\u00a0\u00bb row_border_radius=\u00a0\u00bbnone\u00a0\u00bb row_border_radius_applies=\u00a0\u00bbbg\u00a0\u00bb overlay_strength=\u00a0\u00bb0.3&Prime; gradient_direction=\u00a0\u00bbleft_to_right\u00a0\u00bb shape_divider_position=\u00a0\u00bbbottom\u00a0\u00bb bg_image_animation=\u00a0\u00bbnone\u00a0\u00bb shape_type=\u00a0\u00bb\u00a0\u00bb][vc_column column_padding=\u00a0\u00bbno-extra-padding\u00a0\u00bb column_padding_tablet=\u00a0\u00bbinherit\u00a0\u00bb column_padding_phone=\u00a0\u00bbinherit\u00a0\u00bb column_padding_position=\u00a0\u00bball\u00a0\u00bb&#8230;<\/p>\n","protected":false},"author":1,"featured_media":0,"parent":0,"menu_order":0,"comment_status":"closed","ping_status":"closed","template":"","meta":{"inline_featured_image":false,"_monsterinsights_skip_tracking":false,"_monsterinsights_sitenote_active":false,"_monsterinsights_sitenote_note":"","_monsterinsights_sitenote_category":0},"acf":[],"yoast_head":"<!-- This site is optimized with the Yoast SEO plugin v18.1 - https:\/\/yoast.com\/wordpress\/plugins\/seo\/ -->\n<title>Actualit\u00e9 - Local Biodiversity Outlooks<\/title>\n<meta name=\"robots\" content=\"index, follow, max-snippet:-1, max-image-preview:large, max-video-preview:-1\" \/>\n<link rel=\"canonical\" href=\"https:\/\/localbiodiversityoutlooks.net\/fr\/actualite\/\" \/>\n<meta property=\"og:locale\" content=\"fr_FR\" \/>\n<meta property=\"og:type\" content=\"article\" \/>\n<meta property=\"og:title\" content=\"Actualit\u00e9 - Local Biodiversity Outlooks\" \/>\n<meta property=\"og:description\" content=\"[vc_row type=\u00a0\u00bbfull_width_background\u00a0\u00bb full_screen_row_position=\u00a0\u00bbmiddle\u00a0\u00bb column_margin=\u00a0\u00bbdefault\u00a0\u00bb column_direction=\u00a0\u00bbdefault\u00a0\u00bb column_direction_tablet=\u00a0\u00bbdefault\u00a0\u00bb column_direction_phone=\u00a0\u00bbdefault\u00a0\u00bb scene_position=\u00a0\u00bbcenter\u00a0\u00bb top_padding=\u00a0\u00bb28px\u00a0\u00bb bottom_padding=\u00a0\u00bb56px\u00a0\u00bb constrain_group_2=\u00a0\u00bbyes\u00a0\u00bb top_padding_tablet=\u00a0\u00bb28px\u00a0\u00bb bottom_padding_tablet=\u00a0\u00bb56px\u00a0\u00bb constrain_group_4=\u00a0\u00bbyes\u00a0\u00bb top_padding_phone=\u00a0\u00bb28px\u00a0\u00bb bottom_padding_phone=\u00a0\u00bb56px\u00a0\u00bb constrain_group_6=\u00a0\u00bbyes\u00a0\u00bb text_color=\u00a0\u00bbdark\u00a0\u00bb text_align=\u00a0\u00bbleft\u00a0\u00bb row_border_radius=\u00a0\u00bbnone\u00a0\u00bb row_border_radius_applies=\u00a0\u00bbbg\u00a0\u00bb overlay_strength=\u00a0\u00bb0.3&Prime; gradient_direction=\u00a0\u00bbleft_to_right\u00a0\u00bb shape_divider_position=\u00a0\u00bbbottom\u00a0\u00bb bg_image_animation=\u00a0\u00bbnone\u00a0\u00bb shape_type=\u00a0\u00bb\u00a0\u00bb][vc_column column_padding=\u00a0\u00bbno-extra-padding\u00a0\u00bb column_padding_tablet=\u00a0\u00bbinherit\u00a0\u00bb column_padding_phone=\u00a0\u00bbinherit\u00a0\u00bb column_padding_position=\u00a0\u00bball\u00a0\u00bb...\" \/>\n<meta property=\"og:url\" content=\"https:\/\/localbiodiversityoutlooks.net\/fr\/actualite\/\" \/>\n<meta property=\"og:site_name\" content=\"Local Biodiversity Outlooks\" \/>\n<meta property=\"article:modified_time\" content=\"2022-02-17T10:29:55+00:00\" \/>\n<meta name=\"twitter:card\" content=\"summary_large_image\" \/>\n<script type=\"application\/ld+json\" class=\"yoast-schema-graph\">{\"@context\":\"https:\/\/schema.org\",\"@graph\":[{\"@type\":\"WebSite\",\"@id\":\"https:\/\/localbiodiversityoutlooks.net\/fr\/#website\",\"url\":\"https:\/\/localbiodiversityoutlooks.net\/fr\/\",\"name\":\"Local Biodiversity Outlooks\",\"description\":\"Les Perspectives Locales de la Diversit\u00e9 Biologique illustrent les points de vue et exp\u00e9riences des peuples autochtones et des communaut\u00e9s locales sur la crise socio-\u00e9cologique actuelle\",\"potentialAction\":[{\"@type\":\"SearchAction\",\"target\":{\"@type\":\"EntryPoint\",\"urlTemplate\":\"https:\/\/localbiodiversityoutlooks.net\/fr\/?s={search_term_string}\"},\"query-input\":\"required name=search_term_string\"}],\"inLanguage\":\"fr-FR\"},{\"@type\":\"WebPage\",\"@id\":\"https:\/\/localbiodiversityoutlooks.net\/fr\/actualite\/#webpage\",\"url\":\"https:\/\/localbiodiversityoutlooks.net\/fr\/actualite\/\",\"name\":\"Actualit\u00e9 - Local Biodiversity Outlooks\",\"isPartOf\":{\"@id\":\"https:\/\/localbiodiversityoutlooks.net\/fr\/#website\"},\"datePublished\":\"2022-02-15T15:39:23+00:00\",\"dateModified\":\"2022-02-17T10:29:55+00:00\",\"breadcrumb\":{\"@id\":\"https:\/\/localbiodiversityoutlooks.net\/fr\/actualite\/#breadcrumb\"},\"inLanguage\":\"fr-FR\",\"potentialAction\":[{\"@type\":\"ReadAction\",\"target\":[\"https:\/\/localbiodiversityoutlooks.net\/fr\/actualite\/\"]}]},{\"@type\":\"BreadcrumbList\",\"@id\":\"https:\/\/localbiodiversityoutlooks.net\/fr\/actualite\/#breadcrumb\",\"itemListElement\":[{\"@type\":\"ListItem\",\"position\":1,\"name\":\"Home\",\"item\":\"https:\/\/localbiodiversityoutlooks.net\/fr\/domicile\/\"},{\"@type\":\"ListItem\",\"position\":2,\"name\":\"Actualit\u00e9\"}]}]}<\/script>\n<!-- \/ Yoast SEO plugin. -->","yoast_head_json":{"title":"Actualit\u00e9 - Local Biodiversity Outlooks","robots":{"index":"index","follow":"follow","max-snippet":"max-snippet:-1","max-image-preview":"max-image-preview:large","max-video-preview":"max-video-preview:-1"},"canonical":"https:\/\/localbiodiversityoutlooks.net\/fr\/actualite\/","og_locale":"fr_FR","og_type":"article","og_title":"Actualit\u00e9 - Local Biodiversity Outlooks","og_description":"[vc_row type=\u00a0\u00bbfull_width_background\u00a0\u00bb full_screen_row_position=\u00a0\u00bbmiddle\u00a0\u00bb column_margin=\u00a0\u00bbdefault\u00a0\u00bb column_direction=\u00a0\u00bbdefault\u00a0\u00bb column_direction_tablet=\u00a0\u00bbdefault\u00a0\u00bb column_direction_phone=\u00a0\u00bbdefault\u00a0\u00bb scene_position=\u00a0\u00bbcenter\u00a0\u00bb top_padding=\u00a0\u00bb28px\u00a0\u00bb bottom_padding=\u00a0\u00bb56px\u00a0\u00bb constrain_group_2=\u00a0\u00bbyes\u00a0\u00bb top_padding_tablet=\u00a0\u00bb28px\u00a0\u00bb bottom_padding_tablet=\u00a0\u00bb56px\u00a0\u00bb constrain_group_4=\u00a0\u00bbyes\u00a0\u00bb top_padding_phone=\u00a0\u00bb28px\u00a0\u00bb bottom_padding_phone=\u00a0\u00bb56px\u00a0\u00bb constrain_group_6=\u00a0\u00bbyes\u00a0\u00bb text_color=\u00a0\u00bbdark\u00a0\u00bb text_align=\u00a0\u00bbleft\u00a0\u00bb row_border_radius=\u00a0\u00bbnone\u00a0\u00bb row_border_radius_applies=\u00a0\u00bbbg\u00a0\u00bb overlay_strength=\u00a0\u00bb0.3&Prime; gradient_direction=\u00a0\u00bbleft_to_right\u00a0\u00bb shape_divider_position=\u00a0\u00bbbottom\u00a0\u00bb bg_image_animation=\u00a0\u00bbnone\u00a0\u00bb shape_type=\u00a0\u00bb\u00a0\u00bb][vc_column column_padding=\u00a0\u00bbno-extra-padding\u00a0\u00bb column_padding_tablet=\u00a0\u00bbinherit\u00a0\u00bb column_padding_phone=\u00a0\u00bbinherit\u00a0\u00bb column_padding_position=\u00a0\u00bball\u00a0\u00bb...","og_url":"https:\/\/localbiodiversityoutlooks.net\/fr\/actualite\/","og_site_name":"Local Biodiversity Outlooks","article_modified_time":"2022-02-17T10:29:55+00:00","twitter_card":"summary_large_image","schema":{"@context":"https:\/\/schema.org","@graph":[{"@type":"WebSite","@id":"https:\/\/localbiodiversityoutlooks.net\/fr\/#website","url":"https:\/\/localbiodiversityoutlooks.net\/fr\/","name":"Local Biodiversity Outlooks","description":"Les Perspectives Locales de la Diversit\u00e9 Biologique illustrent les points de vue et exp\u00e9riences des peuples autochtones et des communaut\u00e9s locales sur la crise socio-\u00e9cologique actuelle","potentialAction":[{"@type":"SearchAction","target":{"@type":"EntryPoint","urlTemplate":"https:\/\/localbiodiversityoutlooks.net\/fr\/?s={search_term_string}"},"query-input":"required name=search_term_string"}],"inLanguage":"fr-FR"},{"@type":"WebPage","@id":"https:\/\/localbiodiversityoutlooks.net\/fr\/actualite\/#webpage","url":"https:\/\/localbiodiversityoutlooks.net\/fr\/actualite\/","name":"Actualit\u00e9 - Local Biodiversity Outlooks","isPartOf":{"@id":"https:\/\/localbiodiversityoutlooks.net\/fr\/#website"},"datePublished":"2022-02-15T15:39:23+00:00","dateModified":"2022-02-17T10:29:55+00:00","breadcrumb":{"@id":"https:\/\/localbiodiversityoutlooks.net\/fr\/actualite\/#breadcrumb"},"inLanguage":"fr-FR","potentialAction":[{"@type":"ReadAction","target":["https:\/\/localbiodiversityoutlooks.net\/fr\/actualite\/"]}]},{"@type":"BreadcrumbList","@id":"https:\/\/localbiodiversityoutlooks.net\/fr\/actualite\/#breadcrumb","itemListElement":[{"@type":"ListItem","position":1,"name":"Home","item":"https:\/\/localbiodiversityoutlooks.net\/fr\/domicile\/"},{"@type":"ListItem","position":2,"name":"Actualit\u00e9"}]}]}},"_links":{"self":[{"href":"https:\/\/localbiodiversityoutlooks.net\/fr\/wp-json\/wp\/v2\/pages\/2358"}],"collection":[{"href":"https:\/\/localbiodiversityoutlooks.net\/fr\/wp-json\/wp\/v2\/pages"}],"about":[{"href":"https:\/\/localbiodiversityoutlooks.net\/fr\/wp-json\/wp\/v2\/types\/page"}],"author":[{"embeddable":true,"href":"https:\/\/localbiodiversityoutlooks.net\/fr\/wp-json\/wp\/v2\/users\/1"}],"replies":[{"embeddable":true,"href":"https:\/\/localbiodiversityoutlooks.net\/fr\/wp-json\/wp\/v2\/comments?post=2358"}],"version-history":[{"count":9,"href":"https:\/\/localbiodiversityoutlooks.net\/fr\/wp-json\/wp\/v2\/pages\/2358\/revisions"}],"predecessor-version":[{"id":2444,"href":"https:\/\/localbiodiversityoutlooks.net\/fr\/wp-json\/wp\/v2\/pages\/2358\/revisions\/2444"}],"wp:attachment":[{"href":"https:\/\/localbiodiversityoutlooks.net\/fr\/wp-json\/wp\/v2\/media?parent=2358"}],"curies":[{"name":"wp","href":"https:\/\/api.w.org\/{rel}","templated":true}]}}