




{"id":2425,"date":"2022-02-16T12:38:17","date_gmt":"2022-02-16T12:38:17","guid":{"rendered":"https:\/\/localbiodiversityoutlooks.net\/politica-de-privacidad\/"},"modified":"2022-03-03T14:15:47","modified_gmt":"2022-03-03T14:15:47","slug":"politica-de-privacidad","status":"publish","type":"page","link":"https:\/\/localbiodiversityoutlooks.net\/es\/politica-de-privacidad\/","title":{"rendered":"Pol\u00edtica de privacidad"},"content":{"rendered":"[vc_row type=\u00bbfull_width_background\u00bb full_screen_row_position=\u00bbfull_height\u00bb column_margin=\u00bbdefault\u00bb column_direction=\u00bbdefault\u00bb column_direction_tablet=\u00bbdefault\u00bb column_direction_phone=\u00bbdefault\u00bb scene_position=\u00bbcenter\u00bb constrain_group_1=\u00bbyes\u00bb constrain_group_3=\u00bbyes\u00bb text_color=\u00bbdark\u00bb text_align=\u00bbleft\u00bb row_border_radius=\u00bbnone\u00bb row_border_radius_applies=\u00bbbg\u00bb overlay_strength=\u00bb0.3&#8243; gradient_direction=\u00bbleft_to_right\u00bb shape_divider_position=\u00bbbottom\u00bb bg_image_animation=\u00bbnone\u00bb shape_type=\u00bb\u00bb][vc_column column_padding=\u00bbno-extra-padding\u00bb column_padding_tablet=\u00bbinherit\u00bb column_padding_phone=\u00bbinherit\u00bb column_padding_position=\u00bball\u00bb column_element_spacing=\u00bbdefault\u00bb background_color_opacity=\u00bb1&#8243; background_hover_color_opacity=\u00bb1&#8243; column_shadow=\u00bbnone\u00bb column_border_radius=\u00bbnone\u00bb column_link_target=\u00bb_self\u00bb gradient_direction=\u00bbleft_to_right\u00bb overlay_strength=\u00bb0.3&#8243; width=\u00bb1\/1&#8243; tablet_width_inherit=\u00bbdefault\u00bb tablet_text_alignment=\u00bbdefault\u00bb phone_text_alignment=\u00bbdefault\u00bb bg_image_animation=\u00bbnone\u00bb border_type=\u00bbsimple\u00bb column_border_width=\u00bbnone\u00bb column_border_style=\u00bbsolid\u00bb][vc_row_inner content_placement=\u00bbtop\u00bb column_margin=\u00bbdefault\u00bb column_direction=\u00bbdefault\u00bb column_direction_tablet=\u00bbdefault\u00bb column_direction_phone=\u00bbdefault\u00bb top_padding=\u00bb30px\u00bb bottom_padding=\u00bb60px\u00bb constrain_group_2=\u00bbyes\u00bb top_padding_tablet=\u00bb30px\u00bb bottom_padding_tablet=\u00bb60px\u00bb constrain_group_4=\u00bbyes\u00bb top_padding_phone=\u00bb30px\u00bb bottom_padding_phone=\u00bb30px\u00bb constrain_group_6=\u00bbyes\u00bb text_align=\u00bbleft\u00bb css=\u00bb.vc_custom_1641467962843{margin-bottom: 0px !important;}\u00bb][vc_column_inner column_padding=\u00bbno-extra-padding\u00bb column_padding_tablet=\u00bbinherit\u00bb column_padding_phone=\u00bbinherit\u00bb column_padding_position=\u00bball\u00bb column_element_spacing=\u00bbdefault\u00bb background_color_opacity=\u00bb1&#8243; background_hover_color_opacity=\u00bb1&#8243; column_shadow=\u00bbnone\u00bb column_border_radius=\u00bbnone\u00bb column_link_target=\u00bb_self\u00bb gradient_direction=\u00bbleft_to_right\u00bb overlay_strength=\u00bb0.3&#8243; width=\u00bb2\/3&#8243; tablet_width_inherit=\u00bbdefault\u00bb bg_image_animation=\u00bbnone\u00bb border_type=\u00bbsimple\u00bb column_border_width=\u00bbnone\u00bb column_border_style=\u00bbsolid\u00bb][vc_column_text css=\u00bb.vc_custom_1641467108799{margin-bottom: 24px !important;}\u00bb]\n<h1><strong>Pol\u00edtica de privacidad<\/strong><\/h1>\n[\/vc_column_text][vc_column_text css=\u00bb.vc_custom_1644847988606{margin-top: 60px !important;border-top-width: 1px !important;padding-top: 24px !important;border-top-color: #000000 !important;border-top-style: solid !important;}\u00bb]El Forest Peoples Programme busca aplicar en todos y cada uno de los aspectos de nuestro trabajo nuestros valores de consentimiento libre, previo e informado y nuestra creencia s\u00f3lida en la libre determinaci\u00f3n. Estos valores son aplicados a la vez con nuestros amigos y colaboradores, y en nuestro trabajo con los pueblos de los bosques y la sociedad civil. Es as\u00ed como queremos llamar su atenci\u00f3n sobre alguna legislaci\u00f3n nueva relacionada con la Protecci\u00f3n de Datos, que entrar\u00e1 en vigor en mayo de 2018. Consideramos esta legislaci\u00f3n como un paso positivo que se alinea con nuestros propios valores sobre el intercambio de informaci\u00f3n y el consentimiento informado.<\/p>\n<p>La siguiente pol\u00edtica es un nuevo requerimiento en virtud de la legislaci\u00f3n europea y se nos pide que los invitemos a leerla cuando ustedes se suscriben a nuestra base de datos.[\/vc_column_text][vc_column_text css=\u00bb.vc_custom_1644847545117{margin-top: 60px !important;border-top-width: 1px !important;padding-top: 24px !important;border-top-color: #000000 !important;border-top-style: solid !important;}\u00bb]\n<h3><strong>Prop\u00f3sito de la pol\u00edtica<\/strong><\/h3>\n[\/vc_column_text][vc_column_text]\n<p>Nos comprometemos a proteger su informaci\u00f3n personal y a ser transparentes acerca de la informaci\u00f3n que tenemos sobre usted.<\/p>\n<p>El uso de informaci\u00f3n personal nos permite desarrollar un mejor entendimiento de nuestra audiencia y, a su vez, brindarle informaci\u00f3n pertinente y oportuna acerca del trabajo que hacemos. Como organizaci\u00f3n ben\u00e9fica, tambi\u00e9n nos ayuda a relacionarnos con posibles donantes, amigos y colaboradores.<\/p>\n<p>El prop\u00f3sito de esta pol\u00edtica es el de proporcionarle una explicaci\u00f3n clara acerca de c\u00f3mo recolectamos y utilizamos la informaci\u00f3n proveniente de usted.<\/p>\n<p>Utilizamos su informaci\u00f3n de conformidad con todas las leyes aplicables sobre la protecci\u00f3n de la informaci\u00f3n personal. Esta pol\u00edtica explica:<\/p>\n<ul>\n<li>Qu\u00e9 informaci\u00f3n podemos recopilar sobre usted.<\/li>\n<li>C\u00f3mo podemos utilizar dicha informaci\u00f3n.<\/li>\n<li>En qu\u00e9 situaciones podr\u00edamos revelar o divulgar sus datos a terceros.<\/li>\n<li>Nuestro uso de <em>cookies<\/em> para mejorar su uso de nuestro sitio web.<\/li>\n<li>Informaci\u00f3n acerca de c\u00f3mo mantenemos segura su informaci\u00f3n personal, c\u00f3mo la mantenemos y sus derechos para poder acceder a ella.<\/li>\n<\/ul>\n<p>Si tiene alguna pregunta acerca de esta pol\u00edtica por favor contacte al responsable de la protecci\u00f3n de datos en el FPP, o env\u00ede un correo electr\u00f3nico a: <a href=\"mailto:info@forestpeoples.org\">info@forestpeoples.org<\/a><br \/>\n[\/vc_column_text][vc_column_text css=\u00bb.vc_custom_1641467438127{margin-top: 60px !important;border-top-width: 1px !important;padding-top: 24px !important;border-top-color: #000000 !important;border-top-style: solid !important;}\u00bb]\n<h3><strong>Qui\u00e9nes somos<\/strong><\/h3>\n[\/vc_column_text][vc_column_text]\n<p>Forest Peoples Programme es una organizaci\u00f3n ben\u00e9fica del Reino Unido, registrada en Inglaterra y Gales con el n\u00famero 1082158 y tambi\u00e9n est\u00e1 registrada como una organizaci\u00f3n sin \u00e1nimo de lucro holandesa (Stichting) (KvK 41265889, RSIN 805925673). El FPP est\u00e1 financiado por varias agencias gubernamentales, fundaciones, fideicomisos y donantes y colaboradores individuales.<\/p>\n[\/vc_column_text][vc_column_text css=\u00bb.vc_custom_1644847618153{margin-top: 60px !important;border-top-width: 1px !important;padding-top: 24px !important;border-top-color: #000000 !important;border-top-style: solid !important;}\u00bb]\n<h3><strong>Recolecci\u00f3n de informaci\u00f3n<\/strong><\/h3>\n[\/vc_column_text][vc_column_text]\n<p>Recolectamos varios tipos de informaci\u00f3n y de diferentes maneras:<\/p>\n<p><strong>Informaci\u00f3n proporcionada por usted <\/strong><\/p>\n<p>Por ejemplo, cuando se suscribe a nuestro bolet\u00edn electr\u00f3nico a trav\u00e9s de nuestro sitio web o hace una donaci\u00f3n, almacenaremos la informaci\u00f3n personal que nos proporcione, como su nombre, direcci\u00f3n de correo electr\u00f3nico, direcci\u00f3n postal y n\u00famero de tel\u00e9fono.<\/p>\n<p><strong>Informaci\u00f3n acerca de sus interacciones con nosotros <\/strong><\/p>\n<p>Cuando enviamos boletines electr\u00f3nicos de mercadeo nuestro sistema se\u00f1ala qui\u00e9n los ha abierto y en qu\u00e9 enlaces dentro del mensaje hicieron clic. Esto es puramente para ver qu\u00e9 tan efectivo es nuestro alcance en t\u00e9rminos del porcentaje de las personas en la base de datos que abri\u00f3 el mensaje, y si luego siguieron los diversos enlaces a la informaci\u00f3n concertada.<\/p>\n<p><strong>Informaci\u00f3n de terceros <\/strong><\/p>\n<p>No recibimos informaci\u00f3n sobre usted proveniente de terceras partes, y nunca pasaremos su informaci\u00f3n a terceros, con excepci\u00f3n del caso en el que se aplica la raz\u00f3n expuesta en el siguiente p\u00e1rrafo:<\/p>\n<p>Cuando tenemos la obligaci\u00f3n de revelar o divulgar su informaci\u00f3n personal para cumplir con una obligaci\u00f3n legal (por ejemplo con \u00f3rganos gubernamentales y organismos encargados de hacer cumplir la ley).<\/p>\n<p><strong>Informaci\u00f3n personal confidencial <\/strong><\/p>\n<p>La legislaci\u00f3n sobre la protecci\u00f3n de datos reconoce que ciertas categor\u00edas de informaci\u00f3n personal son m\u00e1s confidenciales, como por ejemplo la referente a la salud, la raza, las creencias religiosas y las opiniones pol\u00edticas. <strong>Nunca recolectamos ese tipo de informaci\u00f3n acerca de nuestros aliados y colaboradores.<\/strong><\/p>\n[\/vc_column_text][vc_column_text css=\u00bb.vc_custom_1644847780948{margin-top: 60px !important;border-top-width: 1px !important;padding-top: 24px !important;border-top-color: #000000 !important;border-top-style: solid !important;}\u00bb]\n<h3><strong>Fundamento jur\u00eddico<\/strong><\/h3>\n[\/vc_column_text][vc_column_text]\n<p>Existen tres fundamentos bajo los cuales podemos procesar sus datos:<\/p>\n<p><strong>Consentimiento <\/strong><\/p>\n<p>Cuando se registra en nuestro servicio de noticias a trav\u00e9s de nuestro sitio web o nos da su tarjeta de presentaci\u00f3n personal nos est\u00e1 dando su consentimiento de procesar sus datos personales para uno o m\u00e1s fines espec\u00edficos, por ejemplo el recibo de nuestro bolet\u00edn de noticias mensual, el recibo de comunicados de prensa y anuncios del FPP.<\/p>\n<p><strong>Prop\u00f3sitos de contrato <\/strong><\/p>\n<p>Cuando compra una publicaci\u00f3n, por ejemplo, usted est\u00e1 haciendo un contrato con nosotros. Para poder realizar dicho contrato, necesitamos procesar y guardar su informaci\u00f3n. Por ejemplo, podremos tener la necesidad de contactarlo por correo electr\u00f3nico o tel\u00e9fono en caso de cancelaci\u00f3n de una compra, o en el caso de problemas con su pago.<\/p>\n<p><strong>Intereses leg\u00edtimos <\/strong><\/p>\n<p>En algunas situaciones recolectamos y procesamos su informaci\u00f3n personal con fines que son de inter\u00e9s leg\u00edtimo de nuestra organizaci\u00f3n. Sin embargo, \u00fanicamente hacemos esto si no hay ning\u00fan perjuicio primordial para usted debido al uso de su informaci\u00f3n personal. A continuaci\u00f3n, describimos todas las situaciones en las que podemos utilizar este fundamento para el procesamiento:<\/p>\n<ul>\n<li>Enviarle informaci\u00f3n de la organizaci\u00f3n, como el bolet\u00edn de noticias, comunicados de prensa, informes anuales o informaci\u00f3n similar.<\/li>\n<li>Presentaci\u00f3n de reclamos del esquema de Gift Aid (cuando corresponda).<\/li>\n<\/ul>\n<p><strong>Con su consentimiento expl\u00edcito <\/strong><\/p>\n<p>En aquellas situaciones en donde los tres fundamentos anteriores no son apropiados, le pediremos su consentimiento expl\u00edcito antes de utilizar su informaci\u00f3n personal en esa situaci\u00f3n espec\u00edfica.<\/p>\n[\/vc_column_text][vc_column_text css=\u00bb.vc_custom_1644847808199{margin-top: 60px !important;border-top-width: 1px !important;padding-top: 24px !important;border-top-color: #000000 !important;border-top-style: solid !important;}\u00bb]\n<h3><strong>Comunicaciones publicitarias<\/strong><\/h3>\n[\/vc_column_text][vc_column_text]\n<p>Nuestro objetivo es comunicarnos con usted acerca del trabajo que hacemos, en formas que considere pertinentes, oportunas y respetuosas. Para hacer esto, utilizamos datos que hemos almacenado sobre usted, como su ubicaci\u00f3n geogr\u00e1fica o temas program\u00e1ticos en los que ha expresado inter\u00e9s.<\/p>\n<p>Utilizamos su <strong>consentimiento otorgado<\/strong> y nuestro <strong>inter\u00e9s leg\u00edtimo de organizaci\u00f3n<\/strong> como bases legales para las comunicaciones por correo postal y correo electr\u00f3nico. En el caso (muy raro) de correos postales, usted puede objetar en cualquier momento el recibirlos utilizando los detalles de contacto que se encuentran al final de esta pol\u00edtica. Si opta por ser incluido en nuestra base de datos, o si ya lo est\u00e1, le daremos la opci\u00f3n de cancelar la suscripci\u00f3n en cada correo electr\u00f3nico que le enviemos posteriormente, o alternativamente puede usar los datos de contacto al final de esta pol\u00edtica. Por favor tenga en cuenta que esto no se aplica a llamadas telef\u00f3nicas que necesitemos hacer en relaci\u00f3n con la compra de una publicaci\u00f3n, o en la realizaci\u00f3n de actividades de trabajo organizacionales normales (tambi\u00e9n conocidas como negocio a negocio).<\/p>\n[\/vc_column_text][vc_column_text css=\u00bb.vc_custom_1641467553162{margin-top: 60px !important;border-top-width: 1px !important;padding-top: 24px !important;border-top-color: #000000 !important;border-top-style: solid !important;}\u00bb]\n<h3><strong>Cookies<\/strong><\/h3>\n[\/vc_column_text][vc_column_text]\n<p><em>Cookies<\/em> son peque\u00f1os archivos de texto que algunos sitios web que usted visita colocan autom\u00e1ticamente en su dispositivo o equipo. Se usan ampliamente para permitir que un sitio web funcione y para proporcionar a los operadores del sitio web informaci\u00f3n sobre c\u00f3mo se usa el sitio. <em>Usamos cookies para identificar c\u00f3mo se usa el sitio web y qu\u00e9 mejoras podemos hacer.<\/em><\/p>\n[\/vc_column_text][vc_column_text css=\u00bb.vc_custom_1644847872336{margin-top: 60px !important;border-top-width: 1px !important;padding-top: 24px !important;border-top-color: #000000 !important;border-top-style: solid !important;}\u00bb]\n<h3><strong>El mantenimiento de su informaci\u00f3n personal<\/strong><\/h3>\n[\/vc_column_text][vc_column_text]\n<p>La \u00fanica informaci\u00f3n personal que guardamos es su nombre, direcci\u00f3n, correo electr\u00f3nico y n\u00famero telef\u00f3nico. Tambi\u00e9n podemos mantener un registro de las publicaciones que ha solicitado. Para prop\u00f3sitos de Gift Aid tambi\u00e9n mantenemos un registro de cualquier donaci\u00f3n que haga al FPP. Por favor cont\u00e1ctenos si tiene alguna pregunta sobre la informaci\u00f3n personal que poseemos.<\/p>\n<p><strong>La seguridad de su informaci\u00f3n personal <\/strong><\/p>\n<p>Estableceremos las salvaguardias apropiadas (en t\u00e9rminos de nuestros procedimientos y en la tecnolog\u00eda que usamos) para mantener su informaci\u00f3n personal tan segura como sea posible. No pasaremos su informaci\u00f3n a terceros.<\/p>\n<p><strong>Sus derechos a su informaci\u00f3n personal <\/strong><\/p>\n<p>Usted tiene el derecho a solicitar una copia de la informaci\u00f3n personal que tenemos sobre usted y corregir cualquier inexactitud en estos datos. Por favor utilice los detalles de contacto al final de esta pol\u00edtica si desea ejercer este derecho.<\/p>\n[\/vc_column_text][vc_column_text css=\u00bb.vc_custom_1644847899135{margin-top: 60px !important;border-top-width: 1px !important;padding-top: 24px !important;border-top-color: #000000 !important;border-top-style: solid !important;}\u00bb]\n<h3><strong>Detalles de contacto y mayor informaci\u00f3n<\/strong><\/h3>\n[\/vc_column_text][vc_column_text]\n<p>Por favor p\u00f3ngase en contacto con nosotros si tienen alguna pregunta acerca de cualquier aspecto de esta pol\u00edtica de privacidad, y en particular si quiere objetar el procesamiento de su informaci\u00f3n personal que realizamos para nuestros leg\u00edtimos intereses de la organizaci\u00f3n.<\/p>\n<p><strong>Forest Peoples Programme<\/strong><\/p>\n<p>1c Fosseway Business Centre<br \/>\nStratford Road<br \/>\nMoreton in Marsh<br \/>\nGL56 9NQ<\/p>\n<p>Tel: 01608 652893<\/p>\n<p><strong>Data Protection Officer<\/strong><\/p>\n<p>Clare Whitmore<\/p>\n<p><a href=\"mailto:Clare@forestpeoples.org\">Clare@forestpeoples.org<\/a><\/p>\n<p>&nbsp;<\/p>\n[\/vc_column_text][\/vc_column_inner][vc_column_inner column_padding=\u00bbno-extra-padding\u00bb column_padding_tablet=\u00bbinherit\u00bb column_padding_phone=\u00bbinherit\u00bb column_padding_position=\u00bball\u00bb column_element_spacing=\u00bbdefault\u00bb background_color_opacity=\u00bb1&#8243; background_hover_color_opacity=\u00bb1&#8243; column_shadow=\u00bbnone\u00bb column_border_radius=\u00bbnone\u00bb column_link_target=\u00bb_self\u00bb gradient_direction=\u00bbleft_to_right\u00bb overlay_strength=\u00bb0.3&#8243; width=\u00bb1\/3&#8243; tablet_width_inherit=\u00bbdefault\u00bb bg_image_animation=\u00bbnone\u00bb border_type=\u00bbsimple\u00bb column_border_width=\u00bbnone\u00bb column_border_style=\u00bbsolid\u00bb][\/vc_column_inner][\/vc_row_inner][\/vc_column][\/vc_row]\n","protected":false},"excerpt":{"rendered":"<p>[vc_row type=\u00bbfull_width_background\u00bb full_screen_row_position=\u00bbfull_height\u00bb column_margin=\u00bbdefault\u00bb column_direction=\u00bbdefault\u00bb column_direction_tablet=\u00bbdefault\u00bb column_direction_phone=\u00bbdefault\u00bb scene_position=\u00bbcenter\u00bb constrain_group_1=\u00bbyes\u00bb constrain_group_3=\u00bbyes\u00bb text_color=\u00bbdark\u00bb text_align=\u00bbleft\u00bb row_border_radius=\u00bbnone\u00bb row_border_radius_applies=\u00bbbg\u00bb overlay_strength=\u00bb0.3&#8243; gradient_direction=\u00bbleft_to_right\u00bb shape_divider_position=\u00bbbottom\u00bb bg_image_animation=\u00bbnone\u00bb shape_type=\u00bb\u00bb][vc_column column_padding=\u00bbno-extra-padding\u00bb column_padding_tablet=\u00bbinherit\u00bb column_padding_phone=\u00bbinherit\u00bb column_padding_position=\u00bball\u00bb column_element_spacing=\u00bbdefault\u00bb background_color_opacity=\u00bb1&#8243; background_hover_color_opacity=\u00bb1&#8243; column_shadow=\u00bbnone\u00bb column_border_radius=\u00bbnone\u00bb column_link_target=\u00bb_self\u00bb gradient_direction=\u00bbleft_to_right\u00bb&#8230;<\/p>\n","protected":false},"author":1,"featured_media":0,"parent":0,"menu_order":0,"comment_status":"closed","ping_status":"closed","template":"","meta":{"inline_featured_image":false,"_monsterinsights_skip_tracking":false,"_monsterinsights_sitenote_active":false,"_monsterinsights_sitenote_note":"","_monsterinsights_sitenote_category":0},"acf":[],"yoast_head":"<!-- This site is optimized with the Yoast SEO plugin v18.1 - https:\/\/yoast.com\/wordpress\/plugins\/seo\/ -->\n<title>Pol\u00edtica de privacidad - Local Biodiversity Outlooks<\/title>\n<meta name=\"robots\" content=\"index, follow, max-snippet:-1, max-image-preview:large, max-video-preview:-1\" \/>\n<link rel=\"canonical\" href=\"https:\/\/localbiodiversityoutlooks.net\/es\/politica-de-privacidad\/\" \/>\n<meta property=\"og:locale\" content=\"es_ES\" \/>\n<meta property=\"og:type\" content=\"article\" \/>\n<meta property=\"og:title\" content=\"Pol\u00edtica de privacidad - Local Biodiversity Outlooks\" \/>\n<meta property=\"og:description\" content=\"[vc_row type=\u00bbfull_width_background\u00bb full_screen_row_position=\u00bbfull_height\u00bb column_margin=\u00bbdefault\u00bb column_direction=\u00bbdefault\u00bb column_direction_tablet=\u00bbdefault\u00bb column_direction_phone=\u00bbdefault\u00bb scene_position=\u00bbcenter\u00bb constrain_group_1=\u00bbyes\u00bb constrain_group_3=\u00bbyes\u00bb text_color=\u00bbdark\u00bb text_align=\u00bbleft\u00bb row_border_radius=\u00bbnone\u00bb row_border_radius_applies=\u00bbbg\u00bb overlay_strength=\u00bb0.3&#8243; gradient_direction=\u00bbleft_to_right\u00bb shape_divider_position=\u00bbbottom\u00bb bg_image_animation=\u00bbnone\u00bb shape_type=\u00bb\u00bb][vc_column column_padding=\u00bbno-extra-padding\u00bb column_padding_tablet=\u00bbinherit\u00bb column_padding_phone=\u00bbinherit\u00bb column_padding_position=\u00bball\u00bb column_element_spacing=\u00bbdefault\u00bb background_color_opacity=\u00bb1&#8243; background_hover_color_opacity=\u00bb1&#8243; column_shadow=\u00bbnone\u00bb column_border_radius=\u00bbnone\u00bb column_link_target=\u00bb_self\u00bb gradient_direction=\u00bbleft_to_right\u00bb...\" \/>\n<meta property=\"og:url\" content=\"https:\/\/localbiodiversityoutlooks.net\/es\/politica-de-privacidad\/\" \/>\n<meta property=\"og:site_name\" content=\"Local Biodiversity Outlooks\" \/>\n<meta property=\"article:modified_time\" content=\"2022-03-03T14:15:47+00:00\" \/>\n<meta name=\"twitter:card\" content=\"summary_large_image\" \/>\n<script type=\"application\/ld+json\" class=\"yoast-schema-graph\">{\"@context\":\"https:\/\/schema.org\",\"@graph\":[{\"@type\":\"WebSite\",\"@id\":\"https:\/\/localbiodiversityoutlooks.net\/es\/#website\",\"url\":\"https:\/\/localbiodiversityoutlooks.net\/es\/\",\"name\":\"Local Biodiversity Outlooks\",\"description\":\"Las Perspectivas Locales sobre la Diversidad Biol\u00f3gica presentan los puntos de vista y experiencias de los pueblos ind\u00edgenas y comunidades locales sobre la crisis socio ecol\u00f3gica actual\",\"potentialAction\":[{\"@type\":\"SearchAction\",\"target\":{\"@type\":\"EntryPoint\",\"urlTemplate\":\"https:\/\/localbiodiversityoutlooks.net\/es\/?s={search_term_string}\"},\"query-input\":\"required name=search_term_string\"}],\"inLanguage\":\"es\"},{\"@type\":\"WebPage\",\"@id\":\"https:\/\/localbiodiversityoutlooks.net\/es\/politica-de-privacidad\/#webpage\",\"url\":\"https:\/\/localbiodiversityoutlooks.net\/es\/politica-de-privacidad\/\",\"name\":\"Pol\u00edtica de privacidad - Local Biodiversity Outlooks\",\"isPartOf\":{\"@id\":\"https:\/\/localbiodiversityoutlooks.net\/es\/#website\"},\"datePublished\":\"2022-02-16T12:38:17+00:00\",\"dateModified\":\"2022-03-03T14:15:47+00:00\",\"breadcrumb\":{\"@id\":\"https:\/\/localbiodiversityoutlooks.net\/es\/politica-de-privacidad\/#breadcrumb\"},\"inLanguage\":\"es\",\"potentialAction\":[{\"@type\":\"ReadAction\",\"target\":[\"https:\/\/localbiodiversityoutlooks.net\/es\/politica-de-privacidad\/\"]}]},{\"@type\":\"BreadcrumbList\",\"@id\":\"https:\/\/localbiodiversityoutlooks.net\/es\/politica-de-privacidad\/#breadcrumb\",\"itemListElement\":[{\"@type\":\"ListItem\",\"position\":1,\"name\":\"Home\",\"item\":\"https:\/\/localbiodiversityoutlooks.net\/es\/\"},{\"@type\":\"ListItem\",\"position\":2,\"name\":\"Pol\u00edtica de privacidad\"}]}]}<\/script>\n<!-- \/ Yoast SEO plugin. -->","yoast_head_json":{"title":"Pol\u00edtica de privacidad - Local Biodiversity Outlooks","robots":{"index":"index","follow":"follow","max-snippet":"max-snippet:-1","max-image-preview":"max-image-preview:large","max-video-preview":"max-video-preview:-1"},"canonical":"https:\/\/localbiodiversityoutlooks.net\/es\/politica-de-privacidad\/","og_locale":"es_ES","og_type":"article","og_title":"Pol\u00edtica de privacidad - Local Biodiversity Outlooks","og_description":"[vc_row type=\u00bbfull_width_background\u00bb full_screen_row_position=\u00bbfull_height\u00bb column_margin=\u00bbdefault\u00bb column_direction=\u00bbdefault\u00bb column_direction_tablet=\u00bbdefault\u00bb column_direction_phone=\u00bbdefault\u00bb scene_position=\u00bbcenter\u00bb constrain_group_1=\u00bbyes\u00bb constrain_group_3=\u00bbyes\u00bb text_color=\u00bbdark\u00bb text_align=\u00bbleft\u00bb row_border_radius=\u00bbnone\u00bb row_border_radius_applies=\u00bbbg\u00bb overlay_strength=\u00bb0.3&#8243; gradient_direction=\u00bbleft_to_right\u00bb shape_divider_position=\u00bbbottom\u00bb bg_image_animation=\u00bbnone\u00bb shape_type=\u00bb\u00bb][vc_column column_padding=\u00bbno-extra-padding\u00bb column_padding_tablet=\u00bbinherit\u00bb column_padding_phone=\u00bbinherit\u00bb column_padding_position=\u00bball\u00bb column_element_spacing=\u00bbdefault\u00bb background_color_opacity=\u00bb1&#8243; background_hover_color_opacity=\u00bb1&#8243; column_shadow=\u00bbnone\u00bb column_border_radius=\u00bbnone\u00bb column_link_target=\u00bb_self\u00bb gradient_direction=\u00bbleft_to_right\u00bb...","og_url":"https:\/\/localbiodiversityoutlooks.net\/es\/politica-de-privacidad\/","og_site_name":"Local Biodiversity Outlooks","article_modified_time":"2022-03-03T14:15:47+00:00","twitter_card":"summary_large_image","schema":{"@context":"https:\/\/schema.org","@graph":[{"@type":"WebSite","@id":"https:\/\/localbiodiversityoutlooks.net\/es\/#website","url":"https:\/\/localbiodiversityoutlooks.net\/es\/","name":"Local Biodiversity Outlooks","description":"Las Perspectivas Locales sobre la Diversidad Biol\u00f3gica presentan los puntos de vista y experiencias de los pueblos ind\u00edgenas y comunidades locales sobre la crisis socio ecol\u00f3gica actual","potentialAction":[{"@type":"SearchAction","target":{"@type":"EntryPoint","urlTemplate":"https:\/\/localbiodiversityoutlooks.net\/es\/?s={search_term_string}"},"query-input":"required name=search_term_string"}],"inLanguage":"es"},{"@type":"WebPage","@id":"https:\/\/localbiodiversityoutlooks.net\/es\/politica-de-privacidad\/#webpage","url":"https:\/\/localbiodiversityoutlooks.net\/es\/politica-de-privacidad\/","name":"Pol\u00edtica de privacidad - Local Biodiversity Outlooks","isPartOf":{"@id":"https:\/\/localbiodiversityoutlooks.net\/es\/#website"},"datePublished":"2022-02-16T12:38:17+00:00","dateModified":"2022-03-03T14:15:47+00:00","breadcrumb":{"@id":"https:\/\/localbiodiversityoutlooks.net\/es\/politica-de-privacidad\/#breadcrumb"},"inLanguage":"es","potentialAction":[{"@type":"ReadAction","target":["https:\/\/localbiodiversityoutlooks.net\/es\/politica-de-privacidad\/"]}]},{"@type":"BreadcrumbList","@id":"https:\/\/localbiodiversityoutlooks.net\/es\/politica-de-privacidad\/#breadcrumb","itemListElement":[{"@type":"ListItem","position":1,"name":"Home","item":"https:\/\/localbiodiversityoutlooks.net\/es\/"},{"@type":"ListItem","position":2,"name":"Pol\u00edtica de privacidad"}]}]}},"_links":{"self":[{"href":"https:\/\/localbiodiversityoutlooks.net\/es\/wp-json\/wp\/v2\/pages\/2425"}],"collection":[{"href":"https:\/\/localbiodiversityoutlooks.net\/es\/wp-json\/wp\/v2\/pages"}],"about":[{"href":"https:\/\/localbiodiversityoutlooks.net\/es\/wp-json\/wp\/v2\/types\/page"}],"author":[{"embeddable":true,"href":"https:\/\/localbiodiversityoutlooks.net\/es\/wp-json\/wp\/v2\/users\/1"}],"replies":[{"embeddable":true,"href":"https:\/\/localbiodiversityoutlooks.net\/es\/wp-json\/wp\/v2\/comments?post=2425"}],"version-history":[{"count":4,"href":"https:\/\/localbiodiversityoutlooks.net\/es\/wp-json\/wp\/v2\/pages\/2425\/revisions"}],"predecessor-version":[{"id":2587,"href":"https:\/\/localbiodiversityoutlooks.net\/es\/wp-json\/wp\/v2\/pages\/2425\/revisions\/2587"}],"wp:attachment":[{"href":"https:\/\/localbiodiversityoutlooks.net\/es\/wp-json\/wp\/v2\/media?parent=2425"}],"curies":[{"name":"wp","href":"https:\/\/api.w.org\/{rel}","templated":true}]}}