




{"id":2372,"date":"2022-02-15T16:09:32","date_gmt":"2022-02-15T16:09:32","guid":{"rendered":"https:\/\/localbiodiversityoutlooks.net\/estudios-de-caso\/directorio\/"},"modified":"2022-02-15T17:17:47","modified_gmt":"2022-02-15T17:17:47","slug":"directorio","status":"publish","type":"page","link":"https:\/\/localbiodiversityoutlooks.net\/es\/estudios-de-caso\/directorio\/","title":{"rendered":"Directorio"},"content":{"rendered":"[vc_row type=\u00bbfull_width_content\u00bb full_screen_row_position=\u00bbmiddle\u00bb column_margin=\u00bbdefault\u00bb column_direction=\u00bbdefault\u00bb column_direction_tablet=\u00bbdefault\u00bb column_direction_phone=\u00bbdefault\u00bb bg_color=\u00bbrgba(0,0,0,0.85)\u00bb scene_position=\u00bbcenter\u00bb top_padding=\u00bb115px\u00bb bottom_padding=\u00bb9px\u00bb left_padding_desktop=\u00bb24px\u00bb constrain_group_2=\u00bbyes\u00bb right_padding_desktop=\u00bb24px\u00bb top_padding_tablet=\u00bb115px\u00bb bottom_padding_tablet=\u00bb9px\u00bb left_padding_tablet=\u00bb24px\u00bb constrain_group_4=\u00bbyes\u00bb right_padding_tablet=\u00bb24px\u00bb top_padding_phone=\u00bb95px\u00bb bottom_padding_phone=\u00bb18px\u00bb left_padding_phone=\u00bb20px\u00bb constrain_group_6=\u00bbyes\u00bb right_padding_phone=\u00bb20px\u00bb text_color=\u00bblight\u00bb text_align=\u00bbleft\u00bb row_border_radius=\u00bbnone\u00bb row_border_radius_applies=\u00bbbg\u00bb overlay_strength=\u00bb0.3&#8243; gradient_direction=\u00bbleft_to_right\u00bb shape_divider_position=\u00bbbottom\u00bb bg_image_animation=\u00bbnone\u00bb shape_type=\u00bb\u00bb][vc_column column_padding=\u00bbno-extra-padding\u00bb column_padding_tablet=\u00bbinherit\u00bb column_padding_phone=\u00bbinherit\u00bb column_padding_position=\u00bball\u00bb column_element_spacing=\u00bbdefault\u00bb background_color_opacity=\u00bb1&#8243; background_hover_color_opacity=\u00bb1&#8243; column_shadow=\u00bbnone\u00bb column_border_radius=\u00bbnone\u00bb column_link_target=\u00bb_self\u00bb gradient_direction=\u00bbleft_to_right\u00bb overlay_strength=\u00bb0.3&#8243; width=\u00bb1\/1&#8243; tablet_width_inherit=\u00bbdefault\u00bb tablet_text_alignment=\u00bbdefault\u00bb phone_text_alignment=\u00bbdefault\u00bb bg_image_animation=\u00bbnone\u00bb border_type=\u00bbsimple\u00bb column_border_width=\u00bbnone\u00bb column_border_style=\u00bbsolid\u00bb][vc_column_text]\n<h1><strong>Estudios de Caso Directorio<\/strong><\/h1>\n[\/vc_column_text][\/vc_column][\/vc_row][vc_row type=\u00bbfull_width_content\u00bb full_screen_row_position=\u00bbmiddle\u00bb column_margin=\u00bb30px\u00bb column_direction=\u00bbdefault\u00bb column_direction_tablet=\u00bbdefault\u00bb column_direction_phone=\u00bbdefault\u00bb bg_color=\u00bbrgba(0,0,0,0.85)\u00bb full_height=\u00bbyes\u00bb columns_placement=\u00bbtop\u00bb scene_position=\u00bbcenter\u00bb bottom_padding=\u00bb45px\u00bb left_padding_desktop=\u00bb0px\u00bb constrain_group_2=\u00bbyes\u00bb right_padding_desktop=\u00bb0px\u00bb bottom_padding_tablet=\u00bb45px\u00bb left_padding_tablet=\u00bb0px\u00bb constrain_group_4=\u00bbyes\u00bb right_padding_tablet=\u00bb0px\u00bb bottom_padding_phone=\u00bb45px\u00bb left_padding_phone=\u00bb0px\u00bb constrain_group_6=\u00bbyes\u00bb right_padding_phone=\u00bb0px\u00bb text_color=\u00bblight\u00bb text_align=\u00bbleft\u00bb row_border_radius=\u00bbnone\u00bb row_border_radius_applies=\u00bbbg\u00bb overlay_strength=\u00bb0.3&#8243; gradient_direction=\u00bbleft_to_right\u00bb shape_divider_position=\u00bbbottom\u00bb bg_image_animation=\u00bbnone\u00bb shape_type=\u00bb\u00bb][vc_column column_padding=\u00bbno-extra-padding\u00bb column_padding_tablet=\u00bbinherit\u00bb column_padding_phone=\u00bbinherit\u00bb column_padding_position=\u00bball\u00bb column_element_spacing=\u00bbdefault\u00bb background_color_opacity=\u00bb1&#8243; background_hover_color_opacity=\u00bb1&#8243; column_shadow=\u00bbnone\u00bb column_border_radius=\u00bbnone\u00bb column_link_target=\u00bb_self\u00bb gradient_direction=\u00bbleft_to_right\u00bb overlay_strength=\u00bb0.3&#8243; width=\u00bb1\/1&#8243; tablet_width_inherit=\u00bbdefault\u00bb tablet_text_alignment=\u00bbdefault\u00bb phone_text_alignment=\u00bbdefault\u00bb bg_image_animation=\u00bbnone\u00bb border_type=\u00bbsimple\u00bb column_border_width=\u00bbnone\u00bb column_border_style=\u00bbsolid\u00bb][vc_raw_html]PGJ1dHRvbiBjbGFzcz0iZmFjZXR3cC1mbHlvdXQtb3BlbiI+RmlsdHJhciBSZXN1bHRhZG9zPC9idXR0b24+Cg==[\/vc_raw_html][nectar_blog layout=\u00bbmasonry-blog-sidebar\u00bb blog_masonry_style=\u00bbauto_meta_overlaid_spaced\u00bb auto_masonry_spacing=\u00bb12px\u00bb enable_ss=\u00bbtrue\u00bb load_in_animation=\u00bbnone\u00bb category=\u00bbcase-study\u00bb order=\u00bbDESC\u00bb orderby=\u00bbrand\u00bb posts_per_page=\u00bb100&#8243;][\/vc_column][\/vc_row]\n","protected":false},"excerpt":{"rendered":"<p>[vc_row type=\u00bbfull_width_content\u00bb full_screen_row_position=\u00bbmiddle\u00bb column_margin=\u00bbdefault\u00bb column_direction=\u00bbdefault\u00bb column_direction_tablet=\u00bbdefault\u00bb column_direction_phone=\u00bbdefault\u00bb bg_color=\u00bbrgba(0,0,0,0.85)\u00bb scene_position=\u00bbcenter\u00bb top_padding=\u00bb115px\u00bb bottom_padding=\u00bb9px\u00bb left_padding_desktop=\u00bb24px\u00bb constrain_group_2=\u00bbyes\u00bb right_padding_desktop=\u00bb24px\u00bb top_padding_tablet=\u00bb115px\u00bb bottom_padding_tablet=\u00bb9px\u00bb left_padding_tablet=\u00bb24px\u00bb constrain_group_4=\u00bbyes\u00bb right_padding_tablet=\u00bb24px\u00bb top_padding_phone=\u00bb95px\u00bb bottom_padding_phone=\u00bb18px\u00bb left_padding_phone=\u00bb20px\u00bb constrain_group_6=\u00bbyes\u00bb right_padding_phone=\u00bb20px\u00bb text_color=\u00bblight\u00bb text_align=\u00bbleft\u00bb row_border_radius=\u00bbnone\u00bb row_border_radius_applies=\u00bbbg\u00bb overlay_strength=\u00bb0.3&#8243; gradient_direction=\u00bbleft_to_right\u00bb&#8230;<\/p>\n","protected":false},"author":1,"featured_media":0,"parent":2325,"menu_order":0,"comment_status":"closed","ping_status":"closed","template":"","meta":{"inline_featured_image":false,"_monsterinsights_skip_tracking":false,"_monsterinsights_sitenote_active":false,"_monsterinsights_sitenote_note":"","_monsterinsights_sitenote_category":0},"acf":[],"yoast_head":"<!-- This site is optimized with the Yoast SEO plugin v18.1 - https:\/\/yoast.com\/wordpress\/plugins\/seo\/ -->\n<title>Directorio - Local Biodiversity Outlooks<\/title>\n<meta name=\"robots\" content=\"index, follow, max-snippet:-1, max-image-preview:large, max-video-preview:-1\" \/>\n<link rel=\"canonical\" href=\"https:\/\/localbiodiversityoutlooks.net\/es\/estudios-de-caso\/directorio\/\" \/>\n<meta property=\"og:locale\" content=\"es_ES\" \/>\n<meta property=\"og:type\" content=\"article\" \/>\n<meta property=\"og:title\" content=\"Directorio - Local Biodiversity Outlooks\" \/>\n<meta property=\"og:description\" content=\"[vc_row type=\u00bbfull_width_content\u00bb full_screen_row_position=\u00bbmiddle\u00bb column_margin=\u00bbdefault\u00bb column_direction=\u00bbdefault\u00bb column_direction_tablet=\u00bbdefault\u00bb column_direction_phone=\u00bbdefault\u00bb bg_color=\u00bbrgba(0,0,0,0.85)\u00bb scene_position=\u00bbcenter\u00bb top_padding=\u00bb115px\u00bb bottom_padding=\u00bb9px\u00bb left_padding_desktop=\u00bb24px\u00bb constrain_group_2=\u00bbyes\u00bb right_padding_desktop=\u00bb24px\u00bb top_padding_tablet=\u00bb115px\u00bb bottom_padding_tablet=\u00bb9px\u00bb left_padding_tablet=\u00bb24px\u00bb constrain_group_4=\u00bbyes\u00bb right_padding_tablet=\u00bb24px\u00bb top_padding_phone=\u00bb95px\u00bb bottom_padding_phone=\u00bb18px\u00bb left_padding_phone=\u00bb20px\u00bb constrain_group_6=\u00bbyes\u00bb right_padding_phone=\u00bb20px\u00bb text_color=\u00bblight\u00bb text_align=\u00bbleft\u00bb row_border_radius=\u00bbnone\u00bb row_border_radius_applies=\u00bbbg\u00bb overlay_strength=\u00bb0.3&#8243; gradient_direction=\u00bbleft_to_right\u00bb...\" \/>\n<meta property=\"og:url\" content=\"https:\/\/localbiodiversityoutlooks.net\/es\/estudios-de-caso\/directorio\/\" \/>\n<meta property=\"og:site_name\" content=\"Local Biodiversity Outlooks\" \/>\n<meta property=\"article:modified_time\" content=\"2022-02-15T17:17:47+00:00\" \/>\n<meta name=\"twitter:card\" content=\"summary_large_image\" \/>\n<script type=\"application\/ld+json\" class=\"yoast-schema-graph\">{\"@context\":\"https:\/\/schema.org\",\"@graph\":[{\"@type\":\"WebSite\",\"@id\":\"https:\/\/localbiodiversityoutlooks.net\/es\/#website\",\"url\":\"https:\/\/localbiodiversityoutlooks.net\/es\/\",\"name\":\"Local Biodiversity Outlooks\",\"description\":\"Las Perspectivas Locales sobre la Diversidad Biol\u00f3gica presentan los puntos de vista y experiencias de los pueblos ind\u00edgenas y comunidades locales sobre la crisis socio ecol\u00f3gica actual\",\"potentialAction\":[{\"@type\":\"SearchAction\",\"target\":{\"@type\":\"EntryPoint\",\"urlTemplate\":\"https:\/\/localbiodiversityoutlooks.net\/es\/?s={search_term_string}\"},\"query-input\":\"required name=search_term_string\"}],\"inLanguage\":\"es\"},{\"@type\":\"WebPage\",\"@id\":\"https:\/\/localbiodiversityoutlooks.net\/es\/estudios-de-caso\/directorio\/#webpage\",\"url\":\"https:\/\/localbiodiversityoutlooks.net\/es\/estudios-de-caso\/directorio\/\",\"name\":\"Directorio - Local Biodiversity Outlooks\",\"isPartOf\":{\"@id\":\"https:\/\/localbiodiversityoutlooks.net\/es\/#website\"},\"datePublished\":\"2022-02-15T16:09:32+00:00\",\"dateModified\":\"2022-02-15T17:17:47+00:00\",\"breadcrumb\":{\"@id\":\"https:\/\/localbiodiversityoutlooks.net\/es\/estudios-de-caso\/directorio\/#breadcrumb\"},\"inLanguage\":\"es\",\"potentialAction\":[{\"@type\":\"ReadAction\",\"target\":[\"https:\/\/localbiodiversityoutlooks.net\/es\/estudios-de-caso\/directorio\/\"]}]},{\"@type\":\"BreadcrumbList\",\"@id\":\"https:\/\/localbiodiversityoutlooks.net\/es\/estudios-de-caso\/directorio\/#breadcrumb\",\"itemListElement\":[{\"@type\":\"ListItem\",\"position\":1,\"name\":\"Home\",\"item\":\"https:\/\/localbiodiversityoutlooks.net\/es\/\"},{\"@type\":\"ListItem\",\"position\":2,\"name\":\"Estudios de Caso\",\"item\":\"http:\/\/localbiodiversityoutlooks.minuteworks.co.uk\/es\/estudios-de-caso\/\"},{\"@type\":\"ListItem\",\"position\":3,\"name\":\"Directorio\"}]}]}<\/script>\n<!-- \/ Yoast SEO plugin. -->","yoast_head_json":{"title":"Directorio - Local Biodiversity Outlooks","robots":{"index":"index","follow":"follow","max-snippet":"max-snippet:-1","max-image-preview":"max-image-preview:large","max-video-preview":"max-video-preview:-1"},"canonical":"https:\/\/localbiodiversityoutlooks.net\/es\/estudios-de-caso\/directorio\/","og_locale":"es_ES","og_type":"article","og_title":"Directorio - Local Biodiversity Outlooks","og_description":"[vc_row type=\u00bbfull_width_content\u00bb full_screen_row_position=\u00bbmiddle\u00bb column_margin=\u00bbdefault\u00bb column_direction=\u00bbdefault\u00bb column_direction_tablet=\u00bbdefault\u00bb column_direction_phone=\u00bbdefault\u00bb bg_color=\u00bbrgba(0,0,0,0.85)\u00bb scene_position=\u00bbcenter\u00bb top_padding=\u00bb115px\u00bb bottom_padding=\u00bb9px\u00bb left_padding_desktop=\u00bb24px\u00bb constrain_group_2=\u00bbyes\u00bb right_padding_desktop=\u00bb24px\u00bb top_padding_tablet=\u00bb115px\u00bb bottom_padding_tablet=\u00bb9px\u00bb left_padding_tablet=\u00bb24px\u00bb constrain_group_4=\u00bbyes\u00bb right_padding_tablet=\u00bb24px\u00bb top_padding_phone=\u00bb95px\u00bb bottom_padding_phone=\u00bb18px\u00bb left_padding_phone=\u00bb20px\u00bb constrain_group_6=\u00bbyes\u00bb right_padding_phone=\u00bb20px\u00bb text_color=\u00bblight\u00bb text_align=\u00bbleft\u00bb row_border_radius=\u00bbnone\u00bb row_border_radius_applies=\u00bbbg\u00bb overlay_strength=\u00bb0.3&#8243; gradient_direction=\u00bbleft_to_right\u00bb...","og_url":"https:\/\/localbiodiversityoutlooks.net\/es\/estudios-de-caso\/directorio\/","og_site_name":"Local Biodiversity Outlooks","article_modified_time":"2022-02-15T17:17:47+00:00","twitter_card":"summary_large_image","schema":{"@context":"https:\/\/schema.org","@graph":[{"@type":"WebSite","@id":"https:\/\/localbiodiversityoutlooks.net\/es\/#website","url":"https:\/\/localbiodiversityoutlooks.net\/es\/","name":"Local Biodiversity Outlooks","description":"Las Perspectivas Locales sobre la Diversidad Biol\u00f3gica presentan los puntos de vista y experiencias de los pueblos ind\u00edgenas y comunidades locales sobre la crisis socio ecol\u00f3gica actual","potentialAction":[{"@type":"SearchAction","target":{"@type":"EntryPoint","urlTemplate":"https:\/\/localbiodiversityoutlooks.net\/es\/?s={search_term_string}"},"query-input":"required name=search_term_string"}],"inLanguage":"es"},{"@type":"WebPage","@id":"https:\/\/localbiodiversityoutlooks.net\/es\/estudios-de-caso\/directorio\/#webpage","url":"https:\/\/localbiodiversityoutlooks.net\/es\/estudios-de-caso\/directorio\/","name":"Directorio - Local Biodiversity Outlooks","isPartOf":{"@id":"https:\/\/localbiodiversityoutlooks.net\/es\/#website"},"datePublished":"2022-02-15T16:09:32+00:00","dateModified":"2022-02-15T17:17:47+00:00","breadcrumb":{"@id":"https:\/\/localbiodiversityoutlooks.net\/es\/estudios-de-caso\/directorio\/#breadcrumb"},"inLanguage":"es","potentialAction":[{"@type":"ReadAction","target":["https:\/\/localbiodiversityoutlooks.net\/es\/estudios-de-caso\/directorio\/"]}]},{"@type":"BreadcrumbList","@id":"https:\/\/localbiodiversityoutlooks.net\/es\/estudios-de-caso\/directorio\/#breadcrumb","itemListElement":[{"@type":"ListItem","position":1,"name":"Home","item":"https:\/\/localbiodiversityoutlooks.net\/es\/"},{"@type":"ListItem","position":2,"name":"Estudios de Caso","item":"http:\/\/localbiodiversityoutlooks.minuteworks.co.uk\/es\/estudios-de-caso\/"},{"@type":"ListItem","position":3,"name":"Directorio"}]}]}},"_links":{"self":[{"href":"https:\/\/localbiodiversityoutlooks.net\/es\/wp-json\/wp\/v2\/pages\/2372"}],"collection":[{"href":"https:\/\/localbiodiversityoutlooks.net\/es\/wp-json\/wp\/v2\/pages"}],"about":[{"href":"https:\/\/localbiodiversityoutlooks.net\/es\/wp-json\/wp\/v2\/types\/page"}],"author":[{"embeddable":true,"href":"https:\/\/localbiodiversityoutlooks.net\/es\/wp-json\/wp\/v2\/users\/1"}],"replies":[{"embeddable":true,"href":"https:\/\/localbiodiversityoutlooks.net\/es\/wp-json\/wp\/v2\/comments?post=2372"}],"version-history":[{"count":2,"href":"https:\/\/localbiodiversityoutlooks.net\/es\/wp-json\/wp\/v2\/pages\/2372\/revisions"}],"predecessor-version":[{"id":2374,"href":"https:\/\/localbiodiversityoutlooks.net\/es\/wp-json\/wp\/v2\/pages\/2372\/revisions\/2374"}],"up":[{"embeddable":true,"href":"https:\/\/localbiodiversityoutlooks.net\/es\/wp-json\/wp\/v2\/pages\/2325"}],"wp:attachment":[{"href":"https:\/\/localbiodiversityoutlooks.net\/es\/wp-json\/wp\/v2\/media?parent=2372"}],"curies":[{"name":"wp","href":"https:\/\/api.w.org\/{rel}","templated":true}]}}